{"id":4927,"date":"2024-10-19T18:03:31","date_gmt":"2024-10-19T16:03:31","guid":{"rendered":"https:\/\/wilusa.sk\/?page_id=4927"},"modified":"2024-10-19T18:54:32","modified_gmt":"2024-10-19T16:54:32","slug":"contact","status":"publish","type":"page","link":"https:\/\/wilusa.sk\/en\/contact\/","title":{"rendered":"Contact"},"content":{"rendered":"<section class=\"wpb-content-wrapper\"><p>[vc_row row_content_width=&#8221;grid&#8221; simple_background_color=&#8221;#ffffff&#8221; el_class=&#8221;padded&#8221;][vc_column offset=&#8221;vc_col-lg-6 vc_col-md-12&#8243;]<div class=\"qodef-elements-holder   qodef-one-column  qodef-responsive-mode-768 \" ><div class=\"qodef-eh-item    \"  data-item-class=\"qodef-eh-custom-6921\" data-1280-1600=\"0 11px 0 0\" data-1024-1280=\"0 0 0 0\" data-768-1024=\"0 0 29px 0\" data-680-768=\"0 0 29px 0\" data-680=\"0 0 29px 0\">\n\t<div class=\"qodef-eh-item-inner\">\n\t\t<div class=\"qodef-eh-item-content qodef-eh-custom-6921\" style=\"padding: 0 33px 0 0\">\n\t\t\t<div class=\"qodef-single-image-holder   \">\n    <div class=\"qodef-si-inner\" >\n                                    <img decoding=\"async\" width=\"300\" height=\"112\" src=\"https:\/\/wilusa.sk\/wp-content\/uploads\/2023\/07\/logo_main-300x112.png\" class=\"attachment-medium size-medium\" alt=\"\" srcset=\"https:\/\/wilusa.sk\/wp-content\/uploads\/2023\/07\/logo_main-300x112.png 300w, https:\/\/wilusa.sk\/wp-content\/uploads\/2023\/07\/logo_main.png 350w\" sizes=\"(max-width: 300px) 100vw, 300px\" \/>                        <\/div>\n<\/div>[vc_column_text]<\/p>\n<h2>Wilusa, s. r. o.<\/h2>\n<p>[\/vc_column_text][vc_empty_space height=&#8221;10px&#8221;][vc_column_text]\u010cerny\u0161evsk\u00e9ho 1280\/31<br \/>\n85101 Bratislava<br \/>\nSlovensko<\/p>\n<p>I\u010cO: 54057621<br \/>\nDI\u010c: 2121571771[\/vc_column_text][vc_empty_space height=&#8221;20px&#8221;]<div class=\"qodef-iwt clearfix  qodef-iwt-icon-left-from-title qodef-iwt-icon-medium\">\n\t<div class=\"qodef-iwt-content\" >\n\t\t\t\t\t<h6 class=\"qodef-iwt-title\" style=\"color: #5b5a5a;margin-top: 10px\">\n\t\t\t\t\t\t\t\t\t<a itemprop=\"url\" href=\"https:\/\/www.google.com\/maps\/place\/Wilusa,+s.r.o.\/@48.1297372,17.1081859,17z\/data=!3m1!4b1!4m6!3m5!1s0x476c89c19e151ef5:0x628ac6d5224f079!8m2!3d48.1297337!4d17.1130568!16s%2Fg%2F11tc08zydv?entry=ttu\" target=\"_blank\">\n\t\t\t\t\t\t\t\t\t<span class=\"qodef-iwt-icon\">\n\t\t\t\t\t\t\t\t\t\t\t\t\t    <span class=\"qodef-icon-shortcode qodef-normal   qodef-icon-medium\"  data-color=\"#000000\">\n                    <i class=\"qodef-icon-simple-line-icon icon-location-pin qodef-icon-element\" style=\"color: #000000;font-size:14px\" ><\/i>            <\/span>\n\t\t\t\t\t\t\t\t\t\t\t<\/span>\n\t\t\t\t\t<span class=\"qodef-iwt-title-text\">\u010cerny\u0161evsk\u00e9ho 1280\/31 85101, Bratislava<\/span>\n\t\t\t\t\t\t\t\t\t<\/a>\n\t\t\t\t\t\t\t<\/h6>\n\t\t\t\t\t<\/div>\n<\/div><div class=\"qodef-iwt clearfix  qodef-iwt-icon-left-from-title qodef-iwt-icon-medium\">\n\t<div class=\"qodef-iwt-content\" >\n\t\t\t\t\t<h6 class=\"qodef-iwt-title\" style=\"color: #5b5a5a;margin-top: 10px\">\n\t\t\t\t\t\t\t\t\t<a itemprop=\"url\" href=\"tel:+421947936072\" target=\"_self\">\n\t\t\t\t\t\t\t\t\t<span class=\"qodef-iwt-icon\">\n\t\t\t\t\t\t\t\t\t\t\t\t\t    <span class=\"qodef-icon-shortcode qodef-normal   qodef-icon-medium\"  data-color=\"#000000\">\n                    <i class=\"qodef-icon-simple-line-icon icon-call-end qodef-icon-element\" style=\"color: #000000;font-size:14px\" ><\/i>            <\/span>\n\t\t\t\t\t\t\t\t\t\t\t<\/span>\n\t\t\t\t\t<span class=\"qodef-iwt-title-text\">+421 947 936 072<\/span>\n\t\t\t\t\t\t\t\t\t<\/a>\n\t\t\t\t\t\t\t<\/h6>\n\t\t\t\t\t<\/div>\n<\/div><div class=\"qodef-iwt clearfix  qodef-iwt-icon-left-from-title qodef-iwt-icon-medium\">\n\t<div class=\"qodef-iwt-content\" >\n\t\t\t\t\t<h6 class=\"qodef-iwt-title\" style=\"color: #5b5a5a;margin-top: 10px\">\n\t\t\t\t\t\t\t\t\t<a itemprop=\"url\" href=\"mailto:info@wilusa.sk\" target=\"_self\">\n\t\t\t\t\t\t\t\t\t<span class=\"qodef-iwt-icon\">\n\t\t\t\t\t\t\t\t\t\t\t\t\t    <span class=\"qodef-icon-shortcode qodef-normal   qodef-icon-medium\"  data-color=\"#000000\">\n                    <i class=\"qodef-icon-simple-line-icon icon-envelope qodef-icon-element\" style=\"color: #000000;font-size:14px\" ><\/i>            <\/span>\n\t\t\t\t\t\t\t\t\t\t\t<\/span>\n\t\t\t\t\t<span class=\"qodef-iwt-title-text\">info@wilusa.sk<\/span>\n\t\t\t\t\t\t\t\t\t<\/a>\n\t\t\t\t\t\t\t<\/h6>\n\t\t\t\t\t<\/div>\n<\/div>[vc_empty_space height=&#8221;31px&#8221;][vc_column_text]Social networks:[\/vc_column_text][vc_empty_space height=&#8221;4px&#8221;]    <span class=\"qodef-icon-shortcode qodef-normal   \" style=\"margin: 0 0 0 16px\" >\n                    <a itemprop=\"url\" class=\"\" href=\"https:\/\/www.facebook.com\/wilusaRE\" target=\"_blank\">\n                    <i class=\"qodef-icon-font-awesome fa fa-facebook qodef-icon-element\" style=\"font-size:15px\" ><\/i>                    <\/a>\n            <\/span>\n    <span class=\"qodef-icon-shortcode qodef-normal   \" style=\"margin: 0 0 0 16px\" >\n                    <a itemprop=\"url\" class=\"\" href=\"https:\/\/www.instagram.com\/wilusa_realestate\/\" target=\"_blank\">\n                    <i class=\"qodef-icon-font-awesome fa fa-instagram qodef-icon-element\" style=\"font-size:15px\" ><\/i>                    <\/a>\n            <\/span>\n    <span class=\"qodef-icon-shortcode qodef-normal   \" style=\"margin: 0 0 0 16px\" >\n                    <a itemprop=\"url\" class=\"\" href=\"https:\/\/www.linkedin.com\/in\/viktor-obtulovi\u010d\/\" target=\"_blank\">\n                    <i class=\"qodef-icon-font-awesome fa fa-linkedin qodef-icon-element\" style=\"font-size:15px\" ><\/i>                    <\/a>\n            <\/span>\n\t\t<\/div>\n\t<\/div>\n<\/div><\/div>[\/vc_column][vc_column offset=&#8221;vc_col-lg-6 vc_col-md-12&#8243;][vc_column_text]<\/p>\n<h3>Contact form<\/h3>\n<p>Do not hesitate to contact us regarding the purchase, sale or valuation of real estate and we will gladly advise you professionally.[\/vc_column_text][vc_empty_space height=&#8221;20px&#8221;]\n<div class=\"wpcf7 no-js\" id=\"wpcf7-f4967-o1\" lang=\"en-US\" dir=\"ltr\" data-wpcf7-id=\"4967\">\n<div class=\"screen-reader-response\"><p role=\"status\" aria-live=\"polite\" aria-atomic=\"true\"><\/p> <ul><\/ul><\/div>\n<form action=\"\/en\/wp-json\/wp\/v2\/pages\/4927#wpcf7-f4967-o1\" method=\"post\" class=\"wpcf7-form init wpcf7-acceptance-as-validation\" aria-label=\"Contact form\" novalidate=\"novalidate\" data-status=\"init\">\n<fieldset class=\"hidden-fields-container\"><input type=\"hidden\" name=\"_wpcf7\" value=\"4967\" \/><input type=\"hidden\" name=\"_wpcf7_version\" value=\"6.1.4\" \/><input type=\"hidden\" name=\"_wpcf7_locale\" value=\"en_US\" \/><input type=\"hidden\" name=\"_wpcf7_unit_tag\" value=\"wpcf7-f4967-o1\" \/><input type=\"hidden\" name=\"_wpcf7_container_post\" value=\"0\" \/><input type=\"hidden\" name=\"_wpcf7_posted_data_hash\" value=\"\" \/><input type=\"hidden\" name=\"_wpcf7_recaptcha_response\" value=\"\" \/>\n<\/fieldset>\n<label> Your name <span style=\"color: red;\">*<\/span>\n    <span class=\"wpcf7-form-control-wrap\" data-name=\"your-name\"><input size=\"40\" maxlength=\"400\" class=\"wpcf7-form-control wpcf7-text wpcf7-validates-as-required\" autocomplete=\"name\" aria-required=\"true\" aria-invalid=\"false\" value=\"\" type=\"text\" name=\"your-name\" \/><\/span> <\/label>\n\n<label> Your email <span style=\"color: red;\">*<\/span>\n    <span class=\"wpcf7-form-control-wrap\" data-name=\"your-email\"><input size=\"40\" maxlength=\"400\" class=\"wpcf7-form-control wpcf7-email wpcf7-validates-as-required wpcf7-text wpcf7-validates-as-email\" autocomplete=\"email\" aria-required=\"true\" aria-invalid=\"false\" value=\"\" type=\"email\" name=\"your-email\" \/><\/span> <\/label>\n\n<label> Your phone\n<span class=\"wpcf7-form-control-wrap\" data-name=\"tel\"><input size=\"40\" maxlength=\"400\" class=\"wpcf7-form-control wpcf7-tel wpcf7-text wpcf7-validates-as-tel\" aria-invalid=\"false\" value=\"\" type=\"tel\" name=\"tel\" \/><\/span> <\/label>\n\n<label> Subject <span style=\"color: red;\">*<\/span>\n    <span class=\"wpcf7-form-control-wrap\" data-name=\"your-subject\"><input size=\"40\" maxlength=\"400\" class=\"wpcf7-form-control wpcf7-text wpcf7-validates-as-required\" aria-required=\"true\" aria-invalid=\"false\" value=\"\" type=\"text\" name=\"your-subject\" \/><\/span> <\/label>\n\n<label> Your message <span style=\"color: red;\">*<\/span>\n    <span class=\"wpcf7-form-control-wrap\" data-name=\"your-message\"><textarea cols=\"40\" rows=\"3\" maxlength=\"2000\" class=\"wpcf7-form-control wpcf7-textarea wpcf7-validates-as-required\" aria-required=\"true\" aria-invalid=\"false\" name=\"your-message\"><\/textarea><\/span> <\/label>\n\n<hr>\n<span class=\"wpcf7-form-control-wrap\" data-name=\"acceptance\"><span class=\"wpcf7-form-control wpcf7-acceptance\"><span class=\"wpcf7-list-item\"><label><input type=\"checkbox\" name=\"acceptance\" value=\"1\" aria-invalid=\"false\" \/><span class=\"wpcf7-list-item-label\">I agree to the processing of the above data for the purpose of contacting.<\/span><\/label><\/span><\/span><\/span>\n<div class=\"wpcf7-response-output\" aria-hidden=\"true\"><\/div>\n<br>\n<input class=\"wpcf7-form-control wpcf7-submit has-spinner\" type=\"submit\" value=\"Submit\" \/>\n<\/form>\n<\/div>\n[\/vc_column][\/vc_row]<\/p>\n<\/section>","protected":false},"excerpt":{"rendered":"<p>[vc_row row_content_width=&#8221;grid&#8221; simple_background_color=&#8221;#ffffff&#8221; el_class=&#8221;padded&#8221;][vc_column offset=&#8221;vc_col-lg-6 vc_col-md-12&#8243;][\/vc_column][vc_column offset=&#8221;vc_col-lg-6 vc_col-md-12&#8243;][vc_column_text] Contact form Do not hesitate to contact us regarding the purchase, sale or valuation of real estate and we will gladly advise you professionally.[\/vc_column_text][vc_empty_space height=&#8221;20px&#8221;][\/vc_column][\/vc_row]<\/p>\n","protected":false},"author":2,"featured_media":0,"parent":0,"menu_order":0,"comment_status":"closed","ping_status":"closed","template":"full-width.php","meta":{"inline_featured_image":false,"_exactmetrics_skip_tracking":false,"_exactmetrics_sitenote_active":false,"_exactmetrics_sitenote_note":"","_exactmetrics_sitenote_category":0,"footnotes":""},"class_list":["post-4927","page","type-page","status-publish","hentry"],"yoast_head":"<!-- This site is optimized with the Yoast SEO plugin v26.8 - https:\/\/yoast.com\/product\/yoast-seo-wordpress\/ -->\n<title>Contact | Wilusa, s.r.o.<\/title>\n<meta name=\"robots\" content=\"index, follow, max-snippet:-1, max-image-preview:large, max-video-preview:-1\" \/>\n<link rel=\"canonical\" href=\"https:\/\/wilusa.sk\/en\/contact\/\" \/>\n<meta property=\"og:locale\" content=\"en_US\" \/>\n<meta property=\"og:type\" content=\"article\" \/>\n<meta property=\"og:title\" content=\"Contact | Wilusa, s.r.o.\" \/>\n<meta property=\"og:description\" content=\"[vc_row row_content_width=&#8221;grid&#8221; simple_background_color=&#8221;#ffffff&#8221; el_class=&#8221;padded&#8221;][vc_column offset=&#8221;vc_col-lg-6 vc_col-md-12&#8243;][\/vc_column][vc_column offset=&#8221;vc_col-lg-6 vc_col-md-12&#8243;][vc_column_text] Contact form Do not hesitate to contact us regarding the purchase, sale or valuation of real estate and we will gladly advise you professionally.[\/vc_column_text][vc_empty_space height=&#8221;20px&#8221;][\/vc_column][\/vc_row]\" \/>\n<meta property=\"og:url\" content=\"https:\/\/wilusa.sk\/en\/contact\/\" \/>\n<meta property=\"og:site_name\" content=\"Wilusa, s.r.o.\" \/>\n<meta property=\"article:publisher\" content=\"https:\/\/www.facebook.com\/wilusaRE\" \/>\n<meta property=\"article:modified_time\" content=\"2024-10-19T16:54:32+00:00\" \/>\n<meta property=\"og:image\" content=\"https:\/\/wilusa.sk\/wp-content\/uploads\/2023\/07\/logo_main.png\" \/>\n\t<meta property=\"og:image:width\" content=\"350\" \/>\n\t<meta property=\"og:image:height\" content=\"131\" \/>\n\t<meta property=\"og:image:type\" content=\"image\/png\" \/>\n<meta name=\"twitter:card\" content=\"summary_large_image\" \/>\n<meta name=\"twitter:label1\" content=\"Est. reading time\" \/>\n\t<meta name=\"twitter:data1\" content=\"1 minute\" \/>\n<script type=\"application\/ld+json\" class=\"yoast-schema-graph\">{\"@context\":\"https:\/\/schema.org\",\"@graph\":[{\"@type\":\"WebPage\",\"@id\":\"https:\/\/wilusa.sk\/en\/contact\/\",\"url\":\"https:\/\/wilusa.sk\/en\/contact\/\",\"name\":\"Contact | Wilusa, s.r.o.\",\"isPartOf\":{\"@id\":\"https:\/\/wilusa.sk\/#website\"},\"datePublished\":\"2024-10-19T16:03:31+00:00\",\"dateModified\":\"2024-10-19T16:54:32+00:00\",\"breadcrumb\":{\"@id\":\"https:\/\/wilusa.sk\/en\/contact\/#breadcrumb\"},\"inLanguage\":\"en-US\",\"potentialAction\":[{\"@type\":\"ReadAction\",\"target\":[\"https:\/\/wilusa.sk\/en\/contact\/\"]}]},{\"@type\":\"BreadcrumbList\",\"@id\":\"https:\/\/wilusa.sk\/en\/contact\/#breadcrumb\",\"itemListElement\":[{\"@type\":\"ListItem\",\"position\":1,\"name\":\"Home\",\"item\":\"https:\/\/new.wilusa.sk\/en\/\"},{\"@type\":\"ListItem\",\"position\":2,\"name\":\"Contact\"}]},{\"@type\":\"WebSite\",\"@id\":\"https:\/\/wilusa.sk\/#website\",\"url\":\"https:\/\/wilusa.sk\/\",\"name\":\"Wilusa, s. r. o. | Realitn\u00e1 kancerl\u00e1ria\",\"description\":\"Wilusa, s.r.o.\",\"publisher\":{\"@id\":\"https:\/\/wilusa.sk\/#organization\"},\"alternateName\":\"Wilusa, s. r. o.\",\"potentialAction\":[{\"@type\":\"SearchAction\",\"target\":{\"@type\":\"EntryPoint\",\"urlTemplate\":\"https:\/\/wilusa.sk\/?s={search_term_string}\"},\"query-input\":{\"@type\":\"PropertyValueSpecification\",\"valueRequired\":true,\"valueName\":\"search_term_string\"}}],\"inLanguage\":\"en-US\"},{\"@type\":\"Organization\",\"@id\":\"https:\/\/wilusa.sk\/#organization\",\"name\":\"Wilusa, s. r. o.\",\"url\":\"https:\/\/wilusa.sk\/\",\"logo\":{\"@type\":\"ImageObject\",\"inLanguage\":\"en-US\",\"@id\":\"https:\/\/wilusa.sk\/#\/schema\/logo\/image\/\",\"url\":\"https:\/\/wilusa.sk\/wp-content\/uploads\/2023\/07\/logo_main.png\",\"contentUrl\":\"https:\/\/wilusa.sk\/wp-content\/uploads\/2023\/07\/logo_main.png\",\"width\":350,\"height\":131,\"caption\":\"Wilusa, s. r. o.\"},\"image\":{\"@id\":\"https:\/\/wilusa.sk\/#\/schema\/logo\/image\/\"},\"sameAs\":[\"https:\/\/www.facebook.com\/wilusaRE\",\"https:\/\/www.instagram.com\/wilusa_realestate\/\"]}]}<\/script>\n<!-- \/ Yoast SEO plugin. -->","yoast_head_json":{"title":"Contact | Wilusa, s.r.o.","robots":{"index":"index","follow":"follow","max-snippet":"max-snippet:-1","max-image-preview":"max-image-preview:large","max-video-preview":"max-video-preview:-1"},"canonical":"https:\/\/wilusa.sk\/en\/contact\/","og_locale":"en_US","og_type":"article","og_title":"Contact | Wilusa, s.r.o.","og_description":"[vc_row row_content_width=&#8221;grid&#8221; simple_background_color=&#8221;#ffffff&#8221; el_class=&#8221;padded&#8221;][vc_column offset=&#8221;vc_col-lg-6 vc_col-md-12&#8243;][\/vc_column][vc_column offset=&#8221;vc_col-lg-6 vc_col-md-12&#8243;][vc_column_text] Contact form Do not hesitate to contact us regarding the purchase, sale or valuation of real estate and we will gladly advise you professionally.[\/vc_column_text][vc_empty_space height=&#8221;20px&#8221;][\/vc_column][\/vc_row]","og_url":"https:\/\/wilusa.sk\/en\/contact\/","og_site_name":"Wilusa, s.r.o.","article_publisher":"https:\/\/www.facebook.com\/wilusaRE","article_modified_time":"2024-10-19T16:54:32+00:00","og_image":[{"width":350,"height":131,"url":"https:\/\/wilusa.sk\/wp-content\/uploads\/2023\/07\/logo_main.png","type":"image\/png"}],"twitter_card":"summary_large_image","twitter_misc":{"Est. reading time":"1 minute"},"schema":{"@context":"https:\/\/schema.org","@graph":[{"@type":"WebPage","@id":"https:\/\/wilusa.sk\/en\/contact\/","url":"https:\/\/wilusa.sk\/en\/contact\/","name":"Contact | Wilusa, s.r.o.","isPartOf":{"@id":"https:\/\/wilusa.sk\/#website"},"datePublished":"2024-10-19T16:03:31+00:00","dateModified":"2024-10-19T16:54:32+00:00","breadcrumb":{"@id":"https:\/\/wilusa.sk\/en\/contact\/#breadcrumb"},"inLanguage":"en-US","potentialAction":[{"@type":"ReadAction","target":["https:\/\/wilusa.sk\/en\/contact\/"]}]},{"@type":"BreadcrumbList","@id":"https:\/\/wilusa.sk\/en\/contact\/#breadcrumb","itemListElement":[{"@type":"ListItem","position":1,"name":"Home","item":"https:\/\/new.wilusa.sk\/en\/"},{"@type":"ListItem","position":2,"name":"Contact"}]},{"@type":"WebSite","@id":"https:\/\/wilusa.sk\/#website","url":"https:\/\/wilusa.sk\/","name":"Wilusa, s. r. o. | Realitn\u00e1 kancerl\u00e1ria","description":"Wilusa, s.r.o.","publisher":{"@id":"https:\/\/wilusa.sk\/#organization"},"alternateName":"Wilusa, s. r. o.","potentialAction":[{"@type":"SearchAction","target":{"@type":"EntryPoint","urlTemplate":"https:\/\/wilusa.sk\/?s={search_term_string}"},"query-input":{"@type":"PropertyValueSpecification","valueRequired":true,"valueName":"search_term_string"}}],"inLanguage":"en-US"},{"@type":"Organization","@id":"https:\/\/wilusa.sk\/#organization","name":"Wilusa, s. r. o.","url":"https:\/\/wilusa.sk\/","logo":{"@type":"ImageObject","inLanguage":"en-US","@id":"https:\/\/wilusa.sk\/#\/schema\/logo\/image\/","url":"https:\/\/wilusa.sk\/wp-content\/uploads\/2023\/07\/logo_main.png","contentUrl":"https:\/\/wilusa.sk\/wp-content\/uploads\/2023\/07\/logo_main.png","width":350,"height":131,"caption":"Wilusa, s. r. o."},"image":{"@id":"https:\/\/wilusa.sk\/#\/schema\/logo\/image\/"},"sameAs":["https:\/\/www.facebook.com\/wilusaRE","https:\/\/www.instagram.com\/wilusa_realestate\/"]}]}},"_links":{"self":[{"href":"https:\/\/wilusa.sk\/en\/wp-json\/wp\/v2\/pages\/4927","targetHints":{"allow":["GET"]}}],"collection":[{"href":"https:\/\/wilusa.sk\/en\/wp-json\/wp\/v2\/pages"}],"about":[{"href":"https:\/\/wilusa.sk\/en\/wp-json\/wp\/v2\/types\/page"}],"author":[{"embeddable":true,"href":"https:\/\/wilusa.sk\/en\/wp-json\/wp\/v2\/users\/2"}],"replies":[{"embeddable":true,"href":"https:\/\/wilusa.sk\/en\/wp-json\/wp\/v2\/comments?post=4927"}],"version-history":[{"count":3,"href":"https:\/\/wilusa.sk\/en\/wp-json\/wp\/v2\/pages\/4927\/revisions"}],"predecessor-version":[{"id":4969,"href":"https:\/\/wilusa.sk\/en\/wp-json\/wp\/v2\/pages\/4927\/revisions\/4969"}],"wp:attachment":[{"href":"https:\/\/wilusa.sk\/en\/wp-json\/wp\/v2\/media?parent=4927"}],"curies":[{"name":"wp","href":"https:\/\/api.w.org\/{rel}","templated":true}]}}